{"id":216,"date":"2018-12-13T10:35:13","date_gmt":"2018-12-13T10:35:13","guid":{"rendered":"http:\/\/sdg-fuernsal.de\/?page_id=216"},"modified":"2026-03-11T22:20:15","modified_gmt":"2026-03-11T22:20:15","slug":"datenschutz","status":"publish","type":"page","link":"https:\/\/sdg-fuernsal.de\/?page_id=216","title":{"rendered":"Datenschutz"},"content":{"rendered":"\n<div class=\"wp-block-file\"><a href=\"https:\/\/sdg-fuernsal.de\/wp-content\/uploads\/2020\/01\/Datenschutzordnung-SDGF-2019-1.pdf\">Datenschutzordnung<\/a><a href=\"https:\/\/sdg-fuernsal.de\/wp-content\/uploads\/2020\/01\/Datenschutzordnung-SDGF-2019-1.pdf\" class=\"wp-block-file__button wp-element-button\" download>Herunterladen<\/a><\/div>\n\n\n\n<p><\/p>\n\n\n\n<h1 class=\"wp-block-heading\">Erg\u00e4nzung<\/h1>\n\n\n\n<h2 class=\"wp-block-heading\">Matomo<\/h2>\n\n\n\n<p>Diese Website benutzt den Open Source Webanalysedienst Matomo.<\/p>\n\n\n\n<p>Mithilfe von Matomo sind wir in der Lage Daten \u00fcber die Nutzung unserer Website durch die Websitebesucher zu erfassen und zu analysieren. Hierdurch k\u00f6nnen wir u. a. herausfinden, wann welche Seitenaufrufe get\u00e4tigt wurden und (ungef\u00e4hr) aus welcher Region sie kommen. Au\u00dferdem erfassen wir verschiedene Logdateien (z. B. IP-Adresse, Referrer, verwendete Browser und Betriebssysteme) und k\u00f6nnen beispielsweise pr\u00fcfen, welche Seiten aufgerufen werden. Zudem wird ggf. protokolliert wenn Websitebesucher bestimmte Aktionen durchf\u00fchren (z. B. Klicks, u. \u00c4.).<\/p>\n\n\n\n<p>Die Nutzung dieses Analyse-Tools erfolgt auf Grundlage von Art. 6 Abs. 1 lit. f DSGVO. Der Websitebetreiber hat ein berechtigtes Interesse an der Analyse des Nutzerverhaltens, um sein Webangebot zu optimieren. <\/p>\n\n\n\n<h3 class=\"wp-block-heading\">IP-Anonymisierung<\/h3>\n\n\n\n<p>Bei der Analyse mit Matomo setzen wir IP-Anonymisierung ein. Hierbei wird Ihre IP-Adresse vor der Analyse gek\u00fcrzt, sodass Sie Ihnen nicht mehr eindeutig zuordenbar ist.<\/p>\n\n\n\n<h3 class=\"wp-block-heading\">Cookielose Analyse<\/h3>\n\n\n\n<p>Wir haben Matomo so konfiguriert, dass Matomo keine Cookies in Ihrem Browser speichert. Sollten Sie der Erfassung widersprechen (siehe &#8222;Widerspruch (Opt-Out)&#8220;), so wird jedoch ein Cookie erstellt, damit diese Einstellung gespeichert wird.<\/p>\n\n\n\n<h3 class=\"wp-block-heading\">Datenaufbewahrung<\/h3>\n\n\n\n<p>Die gesammelten Daten werden nach 180 Tagen automatisch gel\u00f6scht.<\/p>\n\n\n\n<h3 class=\"wp-block-heading\">Hosting<\/h3>\n\n\n\n<p>Wir hosten Matomo ausschlie\u00dflich auf unseren eigenen Servern, sodass alle Analysedaten bei uns verbleiben und nicht weitergegeben werden.<\/p>\n\n\n\n<h3 class=\"wp-block-heading\">Widerspruch (Opt-Out)<\/h3>\n\n\n\n<div id=\"matomo-opt-out-form-embed\"><\/div>\n\n\n\n<p><\/p>\n","protected":false},"excerpt":{"rendered":"<p>Erg\u00e4nzung Matomo Diese Website benutzt den Open Source Webanalysedienst Matomo. Mithilfe von Matomo sind wir in der Lage Daten \u00fcber die Nutzung unserer Website durch die Websitebesucher zu erfassen und zu analysieren. Hierdurch k\u00f6nnen wir u. a. herausfinden, wann welche Seitenaufrufe get\u00e4tigt wurden und (ungef\u00e4hr) aus welcher Region sie kommen. Au\u00dferdem erfassen wir verschiedene Logdateien &hellip; <\/p>\n<p class=\"link-more\"><a href=\"https:\/\/sdg-fuernsal.de\/?page_id=216\" class=\"more-link\"><span class=\"screen-reader-text\">\u201eDatenschutz\u201c <\/span>weiterlesen<\/a><\/p>\n","protected":false},"author":1,"featured_media":0,"parent":0,"menu_order":0,"comment_status":"closed","ping_status":"closed","template":"","meta":{"footnotes":""},"class_list":["post-216","page","type-page","status-publish","hentry"],"_links":{"self":[{"href":"https:\/\/sdg-fuernsal.de\/index.php?rest_route=\/wp\/v2\/pages\/216","targetHints":{"allow":["GET"]}}],"collection":[{"href":"https:\/\/sdg-fuernsal.de\/index.php?rest_route=\/wp\/v2\/pages"}],"about":[{"href":"https:\/\/sdg-fuernsal.de\/index.php?rest_route=\/wp\/v2\/types\/page"}],"author":[{"embeddable":true,"href":"https:\/\/sdg-fuernsal.de\/index.php?rest_route=\/wp\/v2\/users\/1"}],"replies":[{"embeddable":true,"href":"https:\/\/sdg-fuernsal.de\/index.php?rest_route=%2Fwp%2Fv2%2Fcomments&post=216"}],"version-history":[{"count":8,"href":"https:\/\/sdg-fuernsal.de\/index.php?rest_route=\/wp\/v2\/pages\/216\/revisions"}],"predecessor-version":[{"id":915,"href":"https:\/\/sdg-fuernsal.de\/index.php?rest_route=\/wp\/v2\/pages\/216\/revisions\/915"}],"wp:attachment":[{"href":"https:\/\/sdg-fuernsal.de\/index.php?rest_route=%2Fwp%2Fv2%2Fmedia&parent=216"}],"curies":[{"name":"wp","href":"https:\/\/api.w.org\/{rel}","templated":true}]}}