{"id":277,"date":"2020-01-19T21:37:49","date_gmt":"2020-01-19T21:37:49","guid":{"rendered":"http:\/\/sdg-fuernsal.de\/?page_id=277"},"modified":"2026-03-13T14:31:57","modified_gmt":"2026-03-13T14:31:57","slug":"senioren","status":"publish","type":"page","link":"https:\/\/sdg-fuernsal.de\/?page_id=277","title":{"rendered":"Senioren"},"content":{"rendered":"<p>Seit vielen Jahren gibt es in F\u00fcrnsal den Seniorennachmittag. Seit dem Schlie\u00dfen des letzten Dorfgasthauses \u201e R\u00f6ssle \u201c 2013, findet der Nachmittag durch die freiwillige Bereitschaft einer kleinen Frauengruppe, welche die Bewirtung und Organisation \u00fcbernommen hat, im B\u00fcrgerhaus F\u00fcrnsal statt.<\/p>\n<p>Im Jahr 2016 \u00fcbernimmt die Ski- und Dorfgemeinschaft F\u00fcrnsal e.V. den Treffpunkt mit dem bew\u00e4hrten Bewirtungsteam unter ihr Dach.<\/p>\n<p>An jedem zweiten Dienstag im Monat sind ab 14.00 Uhr alle Senioren\/innen und Ruhest\u00e4ndler, die einen Gedankenaustausch und nette Gespr\u00e4che suchen, im B\u00fcrgerhaus zu gem\u00fctlichem Beisammensein herzlich willkommen.<\/p>\n<p>Einmal im Jahr bietet das Bewirtungsteam diesem Personenkreis einen Jahresausflug an.<\/p>\n\n\n<style id=\"bwg-style-0\">    #bwg_container1_0 #bwg_container2_0 .bwg-container-0.bwg-standard-thumbnails {      width: 754px;              justify-content: center;        margin:0 auto !important;              background-color: rgba(255, 255, 255, 0.00);            padding-left: 4px;      padding-top: 4px;      max-width: 100%;            }        #bwg_container1_0 #bwg_container2_0 .bwg-container-0.bwg-standard-thumbnails .bwg-item {    justify-content: flex-start;      max-width: 250px;          }    #bwg_container1_0 #bwg_container2_0 .bwg-container-0.bwg-standard-thumbnails .bwg-item a {       margin-right: 4px;       margin-bottom: 4px;    }    #bwg_container1_0 #bwg_container2_0 .bwg-container-0.bwg-standard-thumbnails .bwg-item0 {      padding: 0px;            background-color:rgba(0,0,0, 0.30);      border: 0px none #CCCCCC;      opacity: 1.00;      border-radius: 0;      box-shadow: ;    }    #bwg_container1_0 #bwg_container2_0 .bwg-container-0.bwg-standard-thumbnails .bwg-item1 img {      max-height: none;      max-width: none;      padding: 0 !important;    }         @media only screen and (min-width: 480px) {\t\t#bwg_container1_0 #bwg_container2_0 .bwg-container-0.bwg-standard-thumbnails .bwg-item1 img {\t\t\t-webkit-transition: all .3s; transition: all .3s;\t\t}\t\t#bwg_container1_0 #bwg_container2_0 .bwg-container-0.bwg-standard-thumbnails .bwg-item1 img:hover {\t\t\t-ms-transform: scale(1.08);\t\t\t-webkit-transform: scale(1.08);\t\t\ttransform: scale(1.08);\t\t}\t\t      }\t    #bwg_container1_0 #bwg_container2_0 .bwg-container-0.bwg-standard-thumbnails .bwg-item1 {      padding-top: 50%;    }        #bwg_container1_0 #bwg_container2_0 .bwg-container-0.bwg-standard-thumbnails .bwg-title2,    #bwg_container1_0 #bwg_container2_0 .bwg-container-0.bwg-standard-thumbnails .bwg-ecommerce2 {      color: #323A45;      font-family: Ubuntu;      font-size: 16px;      font-weight: bold;      padding: 2px;      text-shadow: ;      max-height: 100%;    }    #bwg_container1_0 #bwg_container2_0 .bwg-container-0.bwg-standard-thumbnails .bwg-thumb-description span {    color: #323A45;    font-family: Ubuntu;    font-size: 12px;    max-height: 100%;    word-wrap: break-word;    }    #bwg_container1_0 #bwg_container2_0 .bwg-container-0.bwg-standard-thumbnails .bwg-play-icon2 {      font-size: 32px;    }    #bwg_container1_0 #bwg_container2_0 .bwg-container-0.bwg-standard-thumbnails .bwg-ecommerce2 {      font-size: 19.2px;      color: #323A45;    }    <\/style>    <div id=\"bwg_container1_0\"         class=\"bwg_container bwg_thumbnail bwg_thumbnails \"         data-right-click-protection=\"1\"         data-bwg=\"0\"         data-scroll=\"0\"         data-gallery-type=\"thumbnails\"         data-gallery-view-type=\"thumbnails\"         data-current-url=\"\/index.php?rest_route=%2Fwp%2Fv2%2Fpages%2F277\"         data-lightbox-url=\"https:\/\/sdg-fuernsal.de\/wp-admin\/admin-ajax.php?action=GalleryBox&#038;current_view=0&#038;gallery_id=3&#038;tag=0&#038;theme_id=1&#038;shortcode_id=18&#038;sort_by=order&#038;order_by=asc&#038;current_url=%2Findex.php%3Frest_route%3D%252Fwp%252Fv2%252Fpages%252F277\"         data-gallery-id=\"3\"         data-popup-width=\"800\"         data-popup-height=\"500\"         data-is-album=\"gallery\"         data-buttons-position=\"bottom\">      <div id=\"bwg_container2_0\">             <div id=\"ajax_loading_0\" class=\"bwg_loading_div_1\">      <div class=\"bwg_loading_div_2\">        <div class=\"bwg_loading_div_3\">          <div id=\"loading_div_0\" class=\"bwg_spider_ajax_loading\">          <\/div>        <\/div>      <\/div>    <\/div>            <form id=\"gal_front_form_0\"              class=\"bwg-hidden\"              method=\"post\"              action=\"#\"              data-current=\"0\"              data-shortcode-id=\"18\"              data-gallery-type=\"thumbnails\"              data-gallery-id=\"3\"              data-tag=\"0\"              data-album-id=\"0\"              data-theme-id=\"1\"              data-ajax-url=\"https:\/\/sdg-fuernsal.de\/wp-admin\/admin-ajax.php?action=bwg_frontend_data\">          <div id=\"bwg_container3_0\" class=\"bwg-background bwg-background-0\">                <div data-max-count=\"3\"         data-thumbnail-width=\"250\"         data-bwg=\"0\"         data-gallery-id=\"3\"         data-lightbox-url=\"https:\/\/sdg-fuernsal.de\/wp-admin\/admin-ajax.php?action=GalleryBox&amp;current_view=0&amp;gallery_id=3&amp;tag=0&amp;theme_id=1&amp;shortcode_id=18&amp;sort_by=order&amp;order_by=asc&amp;current_url=%2Findex.php%3Frest_route%3D%252Fwp%252Fv2%252Fpages%252F277\"         id=\"bwg_thumbnails_0\"         class=\"bwg-container-0 bwg-thumbnails bwg-standard-thumbnails bwg-container bwg-border-box\">            <div class=\"bwg-item\">        <a class=\"bwg-a  bwg_lightbox\"  data-image-id=\"28\" href=\"https:\/\/sdg-fuernsal.de\/wp-content\/uploads\/photo-gallery\/imported_from_media_libray\/2014-10-14-IMG_0874-scaled.jpg?bwg=1580148225\" data-elementor-open-lightbox=\"no\">                <div class=\"bwg-item0 \">          <div class=\"bwg-item1 \">            <div class=\"bwg-item2\">              <img decoding=\"async\" class=\"skip-lazy bwg_standart_thumb_img_0 \"                   data-id=\"28\"                   data-width=\"500\"                   data-height=\"333\"                   data-src=\"https:\/\/sdg-fuernsal.de\/wp-content\/uploads\/photo-gallery\/imported_from_media_libray\/thumb\/2014-10-14-IMG_0874-scaled.jpg?bwg=1580148225\"                   src=\"https:\/\/sdg-fuernsal.de\/wp-content\/uploads\/photo-gallery\/imported_from_media_libray\/thumb\/2014-10-14-IMG_0874-scaled.jpg?bwg=1580148225\"                   alt=\"2014-10-14-IMG_0874\"                   title=\"2014-10-14-IMG_0874\" \/>            <\/div>            <div class=\"\">                                                      <\/div>          <\/div>        <\/div>                        <\/a>              <\/div>            <div class=\"bwg-item\">        <a class=\"bwg-a  bwg_lightbox\"  data-image-id=\"27\" href=\"https:\/\/sdg-fuernsal.de\/wp-content\/uploads\/photo-gallery\/imported_from_media_libray\/2014-10-14-IMG_0875-scaled.jpg?bwg=1580148225\" data-elementor-open-lightbox=\"no\">                <div class=\"bwg-item0 \">          <div class=\"bwg-item1 \">            <div class=\"bwg-item2\">              <img decoding=\"async\" class=\"skip-lazy bwg_standart_thumb_img_0 \"                   data-id=\"27\"                   data-width=\"500\"                   data-height=\"333\"                   data-src=\"https:\/\/sdg-fuernsal.de\/wp-content\/uploads\/photo-gallery\/imported_from_media_libray\/thumb\/2014-10-14-IMG_0875-scaled.jpg?bwg=1580148225\"                   src=\"https:\/\/sdg-fuernsal.de\/wp-content\/uploads\/photo-gallery\/imported_from_media_libray\/thumb\/2014-10-14-IMG_0875-scaled.jpg?bwg=1580148225\"                   alt=\"2014-10-14-IMG_0875\"                   title=\"2014-10-14-IMG_0875\" \/>            <\/div>            <div class=\"\">                                                      <\/div>          <\/div>        <\/div>                        <\/a>              <\/div>            <div class=\"bwg-item\">        <a class=\"bwg-a  bwg_lightbox\"  data-image-id=\"26\" href=\"https:\/\/sdg-fuernsal.de\/wp-content\/uploads\/photo-gallery\/imported_from_media_libray\/2014-10-14-IMG_0876-scaled.jpg?bwg=1580148225\" data-elementor-open-lightbox=\"no\">                <div class=\"bwg-item0 \">          <div class=\"bwg-item1 \">            <div class=\"bwg-item2\">              <img decoding=\"async\" class=\"skip-lazy bwg_standart_thumb_img_0 \"                   data-id=\"26\"                   data-width=\"500\"                   data-height=\"333\"                   data-src=\"https:\/\/sdg-fuernsal.de\/wp-content\/uploads\/photo-gallery\/imported_from_media_libray\/thumb\/2014-10-14-IMG_0876-scaled.jpg?bwg=1580148225\"                   src=\"https:\/\/sdg-fuernsal.de\/wp-content\/uploads\/photo-gallery\/imported_from_media_libray\/thumb\/2014-10-14-IMG_0876-scaled.jpg?bwg=1580148225\"                   alt=\"2014-10-14-IMG_0876\"                   title=\"2014-10-14-IMG_0876\" \/>            <\/div>            <div class=\"\">                                                      <\/div>          <\/div>        <\/div>                        <\/a>              <\/div>            <div class=\"bwg-item\">        <a class=\"bwg-a  bwg_lightbox\"  data-image-id=\"25\" href=\"https:\/\/sdg-fuernsal.de\/wp-content\/uploads\/photo-gallery\/imported_from_media_libray\/2014-10-14-IMG_0878-scaled.jpg?bwg=1580148225\" data-elementor-open-lightbox=\"no\">                <div class=\"bwg-item0 \">          <div class=\"bwg-item1 \">            <div class=\"bwg-item2\">              <img decoding=\"async\" class=\"skip-lazy bwg_standart_thumb_img_0 \"                   data-id=\"25\"                   data-width=\"333\"                   data-height=\"500\"                   data-src=\"https:\/\/sdg-fuernsal.de\/wp-content\/uploads\/photo-gallery\/imported_from_media_libray\/thumb\/2014-10-14-IMG_0878-scaled.jpg?bwg=1580148225\"                   src=\"https:\/\/sdg-fuernsal.de\/wp-content\/uploads\/photo-gallery\/imported_from_media_libray\/thumb\/2014-10-14-IMG_0878-scaled.jpg?bwg=1580148225\"                   alt=\"2014-10-14-IMG_0878\"                   title=\"2014-10-14-IMG_0878\" \/>            <\/div>            <div class=\"\">                                                      <\/div>          <\/div>        <\/div>                        <\/a>              <\/div>            <div class=\"bwg-item\">        <a class=\"bwg-a  bwg_lightbox\"  data-image-id=\"24\" href=\"https:\/\/sdg-fuernsal.de\/wp-content\/uploads\/photo-gallery\/imported_from_media_libray\/2015-12-08-IMG_2993-scaled.jpg?bwg=1580148225\" data-elementor-open-lightbox=\"no\">                <div class=\"bwg-item0 \">          <div class=\"bwg-item1 \">            <div class=\"bwg-item2\">              <img decoding=\"async\" class=\"skip-lazy bwg_standart_thumb_img_0 \"                   data-id=\"24\"                   data-width=\"500\"                   data-height=\"375\"                   data-src=\"https:\/\/sdg-fuernsal.de\/wp-content\/uploads\/photo-gallery\/imported_from_media_libray\/thumb\/2015-12-08-IMG_2993-scaled.jpg?bwg=1580148225\"                   src=\"https:\/\/sdg-fuernsal.de\/wp-content\/uploads\/photo-gallery\/imported_from_media_libray\/thumb\/2015-12-08-IMG_2993-scaled.jpg?bwg=1580148225\"                   alt=\"2015-12-08-IMG_2993\"                   title=\"2015-12-08-IMG_2993\" \/>            <\/div>            <div class=\"\">                                                      <\/div>          <\/div>        <\/div>                        <\/a>              <\/div>            <div class=\"bwg-item\">        <a class=\"bwg-a  bwg_lightbox\"  data-image-id=\"23\" href=\"https:\/\/sdg-fuernsal.de\/wp-content\/uploads\/photo-gallery\/imported_from_media_libray\/2015-12-08-IMG_2994-scaled.jpg?bwg=1580148225\" data-elementor-open-lightbox=\"no\">                <div class=\"bwg-item0 \">          <div class=\"bwg-item1 \">            <div class=\"bwg-item2\">              <img decoding=\"async\" class=\"skip-lazy bwg_standart_thumb_img_0 \"                   data-id=\"23\"                   data-width=\"375\"                   data-height=\"500\"                   data-src=\"https:\/\/sdg-fuernsal.de\/wp-content\/uploads\/photo-gallery\/imported_from_media_libray\/thumb\/2015-12-08-IMG_2994-scaled.jpg?bwg=1580148225\"                   src=\"https:\/\/sdg-fuernsal.de\/wp-content\/uploads\/photo-gallery\/imported_from_media_libray\/thumb\/2015-12-08-IMG_2994-scaled.jpg?bwg=1580148225\"                   alt=\"2015-12-08-IMG_2994\"                   title=\"2015-12-08-IMG_2994\" \/>            <\/div>            <div class=\"\">                                                      <\/div>          <\/div>        <\/div>                        <\/a>              <\/div>          <\/div>    <style>      \/*pagination styles*\/      #bwg_container1_0 #bwg_container2_0 .tablenav-pages_0 {\t\t\t\ttext-align: center;\t\t\t\tfont-size: 12px;\t\t\t\tfont-family: Ubuntu;\t\t\t\tfont-weight: bold;\t\t\t\tcolor: #666666;\t\t\t\tmargin: 6px 0 4px;\t\t\t\tdisplay: block;      }      @media only screen and (max-width : 320px) {      #bwg_container1_0 #bwg_container2_0 .displaying-num_0 {     \t display: none;      }      }      #bwg_container1_0 #bwg_container2_0 .displaying-num_0 {\t\t\t\tfont-size: 12px;\t\t\t\tfont-family: Ubuntu;\t\t\t\tfont-weight: bold;\t\t\t\tcolor: #666666;\t\t\t\tmargin-right: 10px;\t\t\t\tvertical-align: middle;      }      #bwg_container1_0 #bwg_container2_0 .paging-input_0 {\t\t\t\tfont-size: 12px;\t\t\t\tfont-family: Ubuntu;\t\t\t\tfont-weight: bold;\t\t\t\tcolor: #666666;\t\t\t\tvertical-align: middle;      }      #bwg_container1_0 #bwg_container2_0 .tablenav-pages_0 a.disabled,      #bwg_container1_0 #bwg_container2_0 .tablenav-pages_0 a.disabled:hover,      #bwg_container1_0 #bwg_container2_0 .tablenav-pages_0 a.disabled:focus,\t\t\t#bwg_container1_0 #bwg_container2_0 .tablenav-pages_0 input.bwg_current_page {\t\t\t\tcursor: default;\t\t\t\tcolor: rgba(102, 102, 102, 0.5);      }      #bwg_container1_0 #bwg_container2_0 .tablenav-pages_0 a,      #bwg_container1_0 #bwg_container2_0 .tablenav-pages_0 input.bwg_current_page {\t\t\t\tcursor: pointer;\t\t\t\ttext-align: center;\t\t\t\tfont-size: 12px;\t\t\t\tfont-family: Ubuntu;\t\t\t\tfont-weight: bold;\t\t\t\tcolor: #666666;\t\t\t\ttext-decoration: none;\t\t\t\tpadding: 3px 6px;\t\t\t\tmargin: 0;\t\t\t\tborder-radius: 0;\t\t\t\tborder-style: solid;\t\t\t\tborder-width: 1px;\t\t\t\tborder-color: #E3E3E3;\t\t\t\t\t\t\t\tbackground-color: rgba(255, 255, 255, 1.00);\t\t\t\tbox-shadow: 0;\t\t\t\ttransition: all 0.3s ease 0s;-webkit-transition: all 0.3s ease 0s;      }      <\/style>      <span class=\"bwg_nav_cont_0\">              <div class=\"tablenav-pages_0\">                      <span class=\"pagination-links_0 pagination-links\" data-pages-count=\"3\">              <span class=\"pagination-links_col1\">              <a class=\"bwg-a first-page disabled\" title=\"Zur ersten Seite\" >\u00ab<\/a>              <a class=\"bwg-a prev-page disabled\" title=\"Zur vorherigen Seite\" >\u2039<\/a>              <\/span>\t\t\t\t\t\t\t<span class=\"pagination-links_col2\">\t\t\t\t\t\t\t\t\t<input type=\"number\" class=\"bwg_current_page\" name=\"bwg_current_page\" value=\"1\" data-url-info=\"page_number_0\" onkeypress=\"return bwg_change_page_0(event, this)\" min=\"1\" oninput=\"validity.valid||(value='')\" \/>\t\t\t\t\t\t\t\t\t\tvon\t\t\t\t\t\t\t\t\t\t<span class=\"total-pages_0\">\t\t\t\t\t\t\t\t\t\t\t3\t\t\t\t\t\t\t\t\t\t<\/span>\t\t\t\t\t\t\t<\/span>              <span class=\"pagination-links_col3\">                <a class=\"bwg-a next-page-0\" title=\"Zur n\u00e4chsten Seite\" href=\"\/index.php?rest_route=%2Fwp%2Fv2%2Fpages%2F277&#038;page_number_0=2\">\u203a<\/a>                <a class=\"bwg-a last-page-0\" title=\"Zur letzten Seite\" href=\"\/index.php?rest_route=%2Fwp%2Fv2%2Fpages%2F277&#038;page_number_0=3\">\u00bb<\/a>              <\/span>\t\t\t\t\t\t<\/span>\t\t\t\t\t\t        <\/div>                <input type=\"hidden\" id=\"page_number_0\" name=\"page_number_0\" value=\"1\" \/>      <script type=\"text\/javascript\">        if( jQuery('.bwg_nav_cont_0').length > 1 ) {          jQuery('.bwg_nav_cont_0').first().remove()        }        function spider_page_0(cur, x, y, load_more) {          if (typeof load_more == \"undefined\") {            var load_more = false;          }          if (jQuery(cur).hasClass('disabled')) {            return false;          }          var items_county_0 = 3;          switch (y) {            case 1:              if (x >= items_county_0) {                document.getElementById('page_number_0').value = items_county_0;              }              else {                document.getElementById('page_number_0').value = x + 1;              }              break;            case 2:              document.getElementById('page_number_0').value = items_county_0;              break;            case -1:              if (x == 1) {                document.getElementById('page_number_0').value = 1;              }              else {                document.getElementById('page_number_0').value = x - 1;              }              break;            case -2:              document.getElementById('page_number_0').value = 1;              break;\t\t\t\t\t\tcase 0:              document.getElementById('page_number_0').value = x;              break;            default:              document.getElementById('page_number_0').value = 1;          }          bwg_ajax('gal_front_form_0', '0', 'bwg_thumbnails_0', '0', '', 'gallery', 0, '', '', load_more, '', 1);        }                    jQuery('.first-page disabled').on('click', function () {              spider_page_0(this, 1, -2, 'numeric');              return false;            });            jQuery('.prev-page disabled').on('click', function () {              spider_page_0(this, 1, -1, 'numeric');              return false;            });            jQuery('.next-page-0').on('click', function () {              spider_page_0(this, 1, 1, 'numeric');              return false;            });            jQuery('.last-page-0').on('click', function () {              spider_page_0(this, 1, 2, 'numeric');              return false;            });        \t\t\t\t\/* Change page on input enter. *\/        function bwg_change_page_0( e, that ) {          if (  e.key == 'Enter' ) {            var to_page = parseInt(jQuery(that).val());            var pages_count = jQuery(that).parents(\".pagination-links\").data(\"pages-count\");            var current_url_param = jQuery(that).attr('data-url-info');            if (to_page > pages_count) {              to_page = 1;            }\t \t\t\t\t\t\t\t\t\t\t\t\tspider_page_0(this, to_page, 0, 'numeric');\t\t\t\t\t\t\treturn false;\t\t\t\t\t\t          }          return true;        }        jQuery('.bwg_load_btn_0').on('click', function () {            spider_page_0(this, 1, 1, true);            return false;        });      <\/script>      <\/span>                <\/div>        <\/form>        <style>          #bwg_container1_0 #bwg_container2_0 #spider_popup_overlay_0 {          background-color: #EEEEEE;          opacity: 0.60;          }          <\/style>        <div id=\"bwg_spider_popup_loading_0\" class=\"bwg_spider_popup_loading\"><\/div>        <div id=\"spider_popup_overlay_0\" class=\"spider_popup_overlay\" onclick=\"spider_destroypopup(1000)\"><\/div>        <input type=\"hidden\" id=\"bwg_random_seed_0\" value=\"1860874761\">                <\/div>    <\/div>    <script>      if (document.readyState === 'complete') {        if( typeof bwg_main_ready == 'function' ) {          if ( jQuery(\"#bwg_container1_0\").height() ) {            bwg_main_ready(jQuery(\"#bwg_container1_0\"));          }        }      } else {        document.addEventListener('DOMContentLoaded', function() {          if( typeof bwg_main_ready == 'function' ) {            if ( jQuery(\"#bwg_container1_0\").height() ) {             bwg_main_ready(jQuery(\"#bwg_container1_0\"));            }          }        });      }    <\/script>    \n\n\n\n<br><br><br>\n\n\n\n<div class=\"wp-block-group\"><div class=\"wp-block-group__inner-container is-layout-constrained wp-block-group-is-layout-constrained\">\n<hr style=\"width:100%;text-align:left;margin-left:0\">\n\n\n\n<div class=\"wp-block-columns is-layout-flex wp-container-core-columns-is-layout-9d6595d7 wp-block-columns-is-layout-flex\">\n<div class=\"wp-block-column is-layout-flow wp-block-column-is-layout-flow\">\n<p><strong>Termine (2026)<\/strong><br><br>&#8211; 13. Januar<br>&#8211; 10. Februar<br>&#8211; 10. M\u00e4rz<br>&#8211; 14. April<br>&#8211; 12. Mai<br>&#8211; 09. Juni<br>&#8211; 14. Juli<br>&#8211; 08. September<br>&#8211; 13. Oktober<br>&#8211; 10. November<br>&#8211; 08. Dezember<\/p>\n\n\n\n<p>Jeweils ab 14 Uhr im B\u00fcrgerhaus F\u00fcrnsal.<br>Im August ist Sommerpause.<\/p>\n<\/div>\n\n\n\n<div class=\"wp-block-column is-layout-flow wp-block-column-is-layout-flow\">\n<figure class=\"wp-block-image size-full\"><img loading=\"lazy\" decoding=\"async\" width=\"480\" height=\"320\" src=\"https:\/\/sdg-fuernsal.de\/wp-content\/uploads\/2024\/02\/Seniorentreff_neu.jpg\" alt=\"\" class=\"wp-image-764\" srcset=\"https:\/\/sdg-fuernsal.de\/wp-content\/uploads\/2024\/02\/Seniorentreff_neu.jpg 480w, https:\/\/sdg-fuernsal.de\/wp-content\/uploads\/2024\/02\/Seniorentreff_neu-300x200.jpg 300w\" sizes=\"auto, (max-width: 480px) 100vw, 480px\" \/><\/figure>\n<\/div>\n<\/div>\n<\/div><\/div>\n","protected":false},"excerpt":{"rendered":"<p>Seit vielen Jahren gibt es in F\u00fcrnsal den Seniorennachmittag. Seit dem Schlie\u00dfen des letzten Dorfgasthauses \u201e R\u00f6ssle \u201c 2013, findet der Nachmittag durch die freiwillige Bereitschaft einer kleinen Frauengruppe, welche die Bewirtung und Organisation \u00fcbernommen hat, im B\u00fcrgerhaus F\u00fcrnsal statt. Im Jahr 2016 \u00fcbernimmt die Ski- und Dorfgemeinschaft F\u00fcrnsal e.V. den Treffpunkt mit dem bew\u00e4hrten &hellip; <\/p>\n<p class=\"link-more\"><a href=\"https:\/\/sdg-fuernsal.de\/?page_id=277\" class=\"more-link\"><span class=\"screen-reader-text\">\u201eSenioren\u201c <\/span>weiterlesen<\/a><\/p>\n","protected":false},"author":1,"featured_media":507,"parent":270,"menu_order":0,"comment_status":"closed","ping_status":"closed","template":"","meta":{"footnotes":""},"class_list":["post-277","page","type-page","status-publish","has-post-thumbnail","hentry"],"_links":{"self":[{"href":"https:\/\/sdg-fuernsal.de\/index.php?rest_route=\/wp\/v2\/pages\/277","targetHints":{"allow":["GET"]}}],"collection":[{"href":"https:\/\/sdg-fuernsal.de\/index.php?rest_route=\/wp\/v2\/pages"}],"about":[{"href":"https:\/\/sdg-fuernsal.de\/index.php?rest_route=\/wp\/v2\/types\/page"}],"author":[{"embeddable":true,"href":"https:\/\/sdg-fuernsal.de\/index.php?rest_route=\/wp\/v2\/users\/1"}],"replies":[{"embeddable":true,"href":"https:\/\/sdg-fuernsal.de\/index.php?rest_route=%2Fwp%2Fv2%2Fcomments&post=277"}],"version-history":[{"count":7,"href":"https:\/\/sdg-fuernsal.de\/index.php?rest_route=\/wp\/v2\/pages\/277\/revisions"}],"predecessor-version":[{"id":957,"href":"https:\/\/sdg-fuernsal.de\/index.php?rest_route=\/wp\/v2\/pages\/277\/revisions\/957"}],"up":[{"embeddable":true,"href":"https:\/\/sdg-fuernsal.de\/index.php?rest_route=\/wp\/v2\/pages\/270"}],"wp:featuredmedia":[{"embeddable":true,"href":"https:\/\/sdg-fuernsal.de\/index.php?rest_route=\/wp\/v2\/media\/507"}],"wp:attachment":[{"href":"https:\/\/sdg-fuernsal.de\/index.php?rest_route=%2Fwp%2Fv2%2Fmedia&parent=277"}],"curies":[{"name":"wp","href":"https:\/\/api.w.org\/{rel}","templated":true}]}}