{"id":77,"date":"2018-03-18T10:09:50","date_gmt":"2018-03-18T10:09:50","guid":{"rendered":"http:\/\/sdg-fuernsal.de\/?page_id=77"},"modified":"2022-06-01T19:59:04","modified_gmt":"2022-06-01T19:59:04","slug":"mein-verein","status":"publish","type":"page","link":"https:\/\/sdg-fuernsal.de\/?page_id=77","title":{"rendered":"Mein Verein"},"content":{"rendered":"<p>Entstehung der Ski- und Dorfgemeinschaft F\u00fcrnsal e.V.<\/p>\n<p>Der Ursprungsverein Ski-Club F\u00fcrnsal wurde 1970 gegr\u00fcndet. In den darauf folgenden Jahren wurde im T\u00fcrnental<span class=\"text_exposed_show\"> ein Schlepplift, eine Skih\u00fctte und eine Flutlichanlage erbaut. Sp\u00e4ter eine Pistenwalze angeschafft.<br \/>\nDas Angebot wurde st\u00e4ndig erweitert, getreu dem Vereinsmotto \u201ePflege und F\u00f6rderung des Sports\u201c. Wenn es die Schneeverh\u00e4ltnisse erlauben werden Ski- und Snowboardkurse angeboten. Im Jahresprogramm finden w\u00f6chentlich Skigymnastik, ein Vereinsausflug sowie die amerikanische Sportart Baseball statt.<\/span><\/p>\n<p>2016 war ein historisches Jahr f\u00fcr den traditionsreichen Ski-Club. Die Satzung, das Aufgabengebiet und der Vereinsname wurde erweitert. Dadurch entstand die Ski-Dorfgemeinschaft F\u00fcrnsal e.V. mit dem Zusatz \u201ePflege und F\u00f6rderung der d\u00f6rflichen Gemeinschaft\u201c. Das Vereinsangebot wurde um ein Vielfaches vergr\u00f6\u00dfert durch einen regelm\u00e4\u00dfigen B\u00fcrgerstammtisch und einen Altennachmittag, sowie Beteiligungen bei \u00fcber\u00f6rtlichen Gro\u00dfveranstaltungen und \u00f6rtlichen Hockete.<\/p>\n","protected":false},"excerpt":{"rendered":"<p>Entstehung der Ski- und Dorfgemeinschaft F\u00fcrnsal e.V. Der Ursprungsverein Ski-Club F\u00fcrnsal wurde 1970 gegr\u00fcndet. In den darauf folgenden Jahren wurde im T\u00fcrnental ein Schlepplift, eine Skih\u00fctte und eine Flutlichanlage erbaut. Sp\u00e4ter eine Pistenwalze angeschafft. Das Angebot wurde st\u00e4ndig erweitert, getreu dem Vereinsmotto \u201ePflege und F\u00f6rderung des Sports\u201c. Wenn es die Schneeverh\u00e4ltnisse erlauben werden Ski- und &hellip; <\/p>\n<p class=\"link-more\"><a href=\"https:\/\/sdg-fuernsal.de\/?page_id=77\" class=\"more-link\"><span class=\"screen-reader-text\">\u201eMein Verein\u201c <\/span>weiterlesen<\/a><\/p>\n","protected":false},"author":1,"featured_media":0,"parent":0,"menu_order":0,"comment_status":"closed","ping_status":"closed","template":"","meta":{"footnotes":""},"class_list":["post-77","page","type-page","status-publish","hentry"],"_links":{"self":[{"href":"https:\/\/sdg-fuernsal.de\/index.php?rest_route=\/wp\/v2\/pages\/77","targetHints":{"allow":["GET"]}}],"collection":[{"href":"https:\/\/sdg-fuernsal.de\/index.php?rest_route=\/wp\/v2\/pages"}],"about":[{"href":"https:\/\/sdg-fuernsal.de\/index.php?rest_route=\/wp\/v2\/types\/page"}],"author":[{"embeddable":true,"href":"https:\/\/sdg-fuernsal.de\/index.php?rest_route=\/wp\/v2\/users\/1"}],"replies":[{"embeddable":true,"href":"https:\/\/sdg-fuernsal.de\/index.php?rest_route=%2Fwp%2Fv2%2Fcomments&post=77"}],"version-history":[{"count":5,"href":"https:\/\/sdg-fuernsal.de\/index.php?rest_route=\/wp\/v2\/pages\/77\/revisions"}],"predecessor-version":[{"id":585,"href":"https:\/\/sdg-fuernsal.de\/index.php?rest_route=\/wp\/v2\/pages\/77\/revisions\/585"}],"wp:attachment":[{"href":"https:\/\/sdg-fuernsal.de\/index.php?rest_route=%2Fwp%2Fv2%2Fmedia&parent=77"}],"curies":[{"name":"wp","href":"https:\/\/api.w.org\/{rel}","templated":true}]}}