{"id":83,"date":"2018-03-18T10:27:10","date_gmt":"2018-03-18T10:27:10","guid":{"rendered":"http:\/\/sdg-fuernsal.de\/?page_id=83"},"modified":"2026-04-05T11:25:52","modified_gmt":"2026-04-05T11:25:52","slug":"beitrittserklaerung","status":"publish","type":"page","link":"https:\/\/sdg-fuernsal.de\/?page_id=83","title":{"rendered":"Beitrittserkl\u00e4rung"},"content":{"rendered":"<p>Wenn Sie der Ski- und Dorfgemeinschaft beitreten m\u00f6chten, k\u00f6nnen Sie auf der folgenden Seite einen Mitgliedsantrag stellen:<\/p>\n<p><a href=\"https:\/\/web.meinverein.de\/profile\/115099\">https:\/\/web.meinverein.de\/profile\/115099<\/a><\/p>\n\n\n\n\n<p><\/p>\n","protected":false},"excerpt":{"rendered":"<p>Wenn Sie der Ski- und Dorfgemeinschaft beitreten m\u00f6chten, k\u00f6nnen Sie auf der folgenden Seite einen Mitgliedsantrag stellen: https:\/\/web.meinverein.de\/profile\/115099<\/p>\n","protected":false},"author":1,"featured_media":0,"parent":77,"menu_order":1,"comment_status":"closed","ping_status":"closed","template":"","meta":{"footnotes":""},"class_list":["post-83","page","type-page","status-publish","hentry"],"_links":{"self":[{"href":"https:\/\/sdg-fuernsal.de\/index.php?rest_route=\/wp\/v2\/pages\/83","targetHints":{"allow":["GET"]}}],"collection":[{"href":"https:\/\/sdg-fuernsal.de\/index.php?rest_route=\/wp\/v2\/pages"}],"about":[{"href":"https:\/\/sdg-fuernsal.de\/index.php?rest_route=\/wp\/v2\/types\/page"}],"author":[{"embeddable":true,"href":"https:\/\/sdg-fuernsal.de\/index.php?rest_route=\/wp\/v2\/users\/1"}],"replies":[{"embeddable":true,"href":"https:\/\/sdg-fuernsal.de\/index.php?rest_route=%2Fwp%2Fv2%2Fcomments&post=83"}],"version-history":[{"count":8,"href":"https:\/\/sdg-fuernsal.de\/index.php?rest_route=\/wp\/v2\/pages\/83\/revisions"}],"predecessor-version":[{"id":981,"href":"https:\/\/sdg-fuernsal.de\/index.php?rest_route=\/wp\/v2\/pages\/83\/revisions\/981"}],"up":[{"embeddable":true,"href":"https:\/\/sdg-fuernsal.de\/index.php?rest_route=\/wp\/v2\/pages\/77"}],"wp:attachment":[{"href":"https:\/\/sdg-fuernsal.de\/index.php?rest_route=%2Fwp%2Fv2%2Fmedia&parent=83"}],"curies":[{"name":"wp","href":"https:\/\/api.w.org\/{rel}","templated":true}]}}